{"id":1198,"date":"2024-08-28T14:43:45","date_gmt":"2024-08-28T12:43:45","guid":{"rendered":"http:\/\/hqpwacn.cluster027.hosting.ovh.net\/les-o-kiri\/?page_id=1198"},"modified":"2024-09-06T09:21:22","modified_gmt":"2024-09-06T07:21:22","slug":"conditions-de-securite","status":"publish","type":"page","link":"https:\/\/www.lesokiri.com\/es\/conditions-de-securite\/","title":{"rendered":"Condiciones de seguridad"},"content":{"rendered":"<div data-elementor-type=\"wp-page\" data-elementor-id=\"1198\" class=\"elementor elementor-1198\" data-elementor-post-type=\"page\">\n\t\t\t\t<div class=\"elementor-element elementor-element-d232e6b e-flex e-con-boxed e-con e-parent\" data-id=\"d232e6b\" data-element_type=\"container\" data-settings=\"{&quot;background_background&quot;:&quot;classic&quot;,&quot;jet_parallax_layout_list&quot;:[]}\">\n\t\t\t\t\t<div class=\"e-con-inner\">\n\t\t<div class=\"elementor-element elementor-element-a3ba394 e-con-full e-flex e-con e-child\" data-id=\"a3ba394\" data-element_type=\"container\" data-settings=\"{&quot;jet_parallax_layout_list&quot;:[]}\">\n\t\t\t\t<div class=\"elementor-element elementor-element-c5a6116 elementor-widget elementor-widget-heading\" data-id=\"c5a6116\" data-element_type=\"widget\" data-widget_type=\"heading.default\">\n\t\t\t\t<div class=\"elementor-widget-container\">\n\t\t\t\t\t<h2 class=\"elementor-heading-title elementor-size-default\">Condiciones de seguridad: remonte y salto de agua.<\/h2>\t\t\t\t<\/div>\n\t\t\t\t<\/div>\n\t\t\t\t<div class=\"elementor-element elementor-element-f65e152 jet-breadcrumbs-align-center elementor-hidden-mobile elementor-widget elementor-widget-jet-breadcrumbs\" data-id=\"f65e152\" data-element_type=\"widget\" data-widget_type=\"jet-breadcrumbs.default\">\n\t\t\t\t<div class=\"elementor-widget-container\">\n\t\t\t\t\t<div class=\"elementor-jet-breadcrumbs jet-blocks\">\n\t\t<div class=\"jet-breadcrumbs\">\n\t\t<div class=\"jet-breadcrumbs__content\">\n\t\t<div class=\"jet-breadcrumbs__wrap\"><div class=\"jet-breadcrumbs__item\"><a href=\"https:\/\/www.lesokiri.com\/es\/\" class=\"jet-breadcrumbs__item-link is-home\" rel=\"home\" title=\"El O Kiri ***\">El O Kiri ***<\/a><\/div>\n\t\t<\/div>\n\t\t<\/div>\n\t\t<\/div><\/div>\t\t\t\t<\/div>\n\t\t\t\t<\/div>\n\t\t\t\t<\/div>\n\t\t\t\t\t<\/div>\n\t\t\t\t<\/div>\n\t\t<div class=\"elementor-element elementor-element-bca613c e-flex e-con-boxed e-con e-parent\" data-id=\"bca613c\" data-element_type=\"container\" data-settings=\"{&quot;jet_parallax_layout_list&quot;:[]}\">\n\t\t\t\t\t<div class=\"e-con-inner\">\n\t\t<div class=\"elementor-element elementor-element-b393ef4 e-con-full e-flex e-con e-child\" data-id=\"b393ef4\" data-element_type=\"container\" data-settings=\"{&quot;jet_parallax_layout_list&quot;:[]}\">\n\t\t\t\t<div class=\"elementor-element elementor-element-5d9056a elementor-widget elementor-widget-heading\" data-id=\"5d9056a\" data-element_type=\"widget\" data-widget_type=\"heading.default\">\n\t\t\t\t<div class=\"elementor-widget-container\">\n\t\t\t\t\t<h2 class=\"elementor-heading-title elementor-size-default\">Reglas b\u00e1sicas para sacarle el m\u00e1ximo partido a la instalaci\u00f3n<\/h2>\t\t\t\t<\/div>\n\t\t\t\t<\/div>\n\t\t\t\t<div class=\"elementor-element elementor-element-62bee51 elementor-widget elementor-widget-text-editor\" data-id=\"62bee51\" data-element_type=\"widget\" data-widget_type=\"text-editor.default\">\n\t\t\t\t<div class=\"elementor-widget-container\">\n\t\t\t\t\t\t\t\t\t<p>La actividad de telesqu\u00ed acu\u00e1tico sobre cable es una actividad que implica riesgos, escucha y respeta las instrucciones dadas, no intentes figuras que no dominas.<\/p><p>\u00a0<\/p><ol><li>No se recomienda la actividad si se padecen trastornos musculares o de otro tipo, prohibida para personas bajo los efectos del alcohol u otras sustancias.<\/li><li>Est\u00e1 prohibido utilizar cualquier fuente de sonido que pueda perjudicar la tranquilidad de los usuarios.<\/li><li>Est\u00e1 prohibido fumar en la zona de salida, pero se tolera en las zonas circundantes (siempre que se eliminen las colillas en los ceniceros previstos a tal efecto), el uso de aparatos de combusti\u00f3n (por ejemplo, barbacoa) est\u00e1 sujeto al acuerdo previo de la direcci\u00f3n y sigue siendo excepcional.<\/li><li>Est\u00e1 prohibido el uso de gafas en todo el parque.<\/li><li>Est\u00e1 prohibido el consumo de alcohol fuerte.<\/li><\/ol>\t\t\t\t\t\t\t\t<\/div>\n\t\t\t\t<\/div>\n\t\t\t\t<div class=\"elementor-element elementor-element-33723a1 elementor-widget elementor-widget-heading\" data-id=\"33723a1\" data-element_type=\"widget\" data-widget_type=\"heading.default\">\n\t\t\t\t<div class=\"elementor-widget-container\">\n\t\t\t\t\t<h2 class=\"elementor-heading-title elementor-size-default\">\nArt\u00edculo 1<\/h2>\t\t\t\t<\/div>\n\t\t\t\t<\/div>\n\t\t\t\t<div class=\"elementor-element elementor-element-8d93b7b elementor-widget elementor-widget-text-editor\" data-id=\"8d93b7b\" data-element_type=\"widget\" data-widget_type=\"text-editor.default\">\n\t\t\t\t<div class=\"elementor-widget-container\">\n\t\t\t\t\t\t\t\t\t<p>Para practicar la actividad de telesqu\u00ed acu\u00e1tico es necesario:<\/p><ol><li>Saber nadar, tener al menos 8 a\u00f1os y estar acompa\u00f1ado de un adulto.<\/li><li>De 8 a\u00f1os a menores de 14 a\u00f1os se solicitar\u00e1 una exenci\u00f3n paterna si no hay un adulto acompa\u00f1ante.<\/li><li>Es obligatorio el uso de chaleco salvavidas y casco.<\/li><li>Es necesario haber pagado la entrada y presentar una pulsera intacta o sin cruzar o presentar el pase de temporada.<\/li><\/ol>\t\t\t\t\t\t\t\t<\/div>\n\t\t\t\t<\/div>\n\t\t\t\t<div class=\"elementor-element elementor-element-f1bd8e9 elementor-widget elementor-widget-heading\" data-id=\"f1bd8e9\" data-element_type=\"widget\" data-widget_type=\"heading.default\">\n\t\t\t\t<div class=\"elementor-widget-container\">\n\t\t\t\t\t<h2 class=\"elementor-heading-title elementor-size-default\">Secci\u00f3n 2\n<\/h2>\t\t\t\t<\/div>\n\t\t\t\t<\/div>\n\t\t\t\t<div class=\"elementor-element elementor-element-a15f69b elementor-widget elementor-widget-text-editor\" data-id=\"a15f69b\" data-element_type=\"widget\" data-widget_type=\"text-editor.default\">\n\t\t\t\t<div class=\"elementor-widget-container\">\n\t\t\t\t\t\t\t\t\t<p>Para la salida y en el circuito, deber\u00e1s:<\/p><ol><li>Respeta la cola, presenta tu pulsera al operador en cuanto te lo pida,<\/li><li>Ponte en la posici\u00f3n inicial y en la parte superior que te indique el operador.<\/li><li>Hay que evitar a cualquier esquiador que haya ca\u00eddo al agua y soltar la cuerda si hay riesgo de colisi\u00f3n. Nunca roces a un esquiador ca\u00eddo.<\/li><li>Nunca debes abandonar todo o parte de tu equipo en el circuito de remontes.<\/li><li>S\u00f3lo se autoriza el equipamiento espec\u00edfico para el esqu\u00ed acu\u00e1tico.<\/li><\/ol>\t\t\t\t\t\t\t\t<\/div>\n\t\t\t\t<\/div>\n\t\t\t\t<div class=\"elementor-element elementor-element-b5e48fc elementor-widget elementor-widget-heading\" data-id=\"b5e48fc\" data-element_type=\"widget\" data-widget_type=\"heading.default\">\n\t\t\t\t<div class=\"elementor-widget-container\">\n\t\t\t\t\t<h2 class=\"elementor-heading-title elementor-size-default\">Secci\u00f3n 3\n<\/h2>\t\t\t\t<\/div>\n\t\t\t\t<\/div>\n\t\t\t\t<div class=\"elementor-element elementor-element-e47313e elementor-widget elementor-widget-text-editor\" data-id=\"e47313e\" data-element_type=\"widget\" data-widget_type=\"text-editor.default\">\n\t\t\t\t<div class=\"elementor-widget-container\">\n\t\t\t\t\t\t\t\t\t<p>Durante el recorrido est\u00e1 prohibido:<\/p><ol><li>Ser arrastrado o intentar recuperarse despu\u00e9s de una ca\u00edda.<\/li><li>Saltar o rozar deliberadamente a un esquiador que ha ca\u00eddo al agua. Nadar fuera de la actividad (excepto para regresar a las orillas o en el pont\u00f3n)<\/li><\/ol>\t\t\t\t\t\t\t\t<\/div>\n\t\t\t\t<\/div>\n\t\t\t\t<div class=\"elementor-element elementor-element-83129fa elementor-widget elementor-widget-heading\" data-id=\"83129fa\" data-element_type=\"widget\" data-widget_type=\"heading.default\">\n\t\t\t\t<div class=\"elementor-widget-container\">\n\t\t\t\t\t<h2 class=\"elementor-heading-title elementor-size-default\">Art\u00edculo 4<\/h2>\t\t\t\t<\/div>\n\t\t\t\t<\/div>\n\t\t\t\t<div class=\"elementor-element elementor-element-a9bd4d9 elementor-widget elementor-widget-text-editor\" data-id=\"a9bd4d9\" data-element_type=\"widget\" data-widget_type=\"text-editor.default\">\n\t\t\t\t<div class=\"elementor-widget-container\">\n\t\t\t\t\t\t\t\t\t<ol><li>Cualquier incumplimiento deliberado de estas normas est\u00e1 sujeto a exclusi\u00f3n temporal o permanente.<\/li><li>Cumplir con lo dispuesto en el presente reglamento y con las instrucciones del personal del remonte.<\/li><li>Respetar y utilizar prudentemente el equipamiento proporcionado (esqu\u00eds, rodilleras, wakeboards, wakeskates, neoprenos, chalecos, cascos).<\/li><li>Se solicitar\u00e1 la facturaci\u00f3n del equipo al precio de reposici\u00f3n en caso de p\u00e9rdida, robo o da\u00f1o importante.<\/li><li>La EURL ELA LES \u00d4 KIRI no se hace responsable del deterioro o p\u00e9rdida de los efectos personales de los practicantes, acompa\u00f1antes o visitantes.<br \/>Asimismo, EURL ELA no se hace responsable de los da\u00f1os o robos que puedan producirse en los veh\u00edculos estacionados en el aparcamiento. La empresa no se hace responsable del deterioro de la ropa y de los objetos personales del practicante.<\/li><\/ol>\t\t\t\t\t\t\t\t<\/div>\n\t\t\t\t<\/div>\n\t\t\t\t<div class=\"elementor-element elementor-element-6cb7e68 elementor-widget elementor-widget-heading\" data-id=\"6cb7e68\" data-element_type=\"widget\" data-widget_type=\"heading.default\">\n\t\t\t\t<div class=\"elementor-widget-container\">\n\t\t\t\t\t<h2 class=\"elementor-heading-title elementor-size-default\">Art\u00edculo 5<\/h2>\t\t\t\t<\/div>\n\t\t\t\t<\/div>\n\t\t\t\t<div class=\"elementor-element elementor-element-1ccf5e4 elementor-widget elementor-widget-text-editor\" data-id=\"1ccf5e4\" data-element_type=\"widget\" data-widget_type=\"text-editor.default\">\n\t\t\t\t<div class=\"elementor-widget-container\">\n\t\t\t\t\t\t\t\t\t<ol><li>Se aceptan animales en el sitio siempre que est\u00e9n atados.<\/li><li>Todo propietario de animales presente en el lugar deber\u00e1 garantizar la recogida de los excrementos dejados por su acompa\u00f1ante; en caso de incumplimiento de la limpieza, la empresa se reserva el derecho de prohibir el acceso a las mascotas;<\/li><li>EURL ELA declina toda responsabilidad en caso de problemas con un animal.<br \/>Cualificaci\u00f3n y reconocimiento del personal: El responsable del remonte posee un diploma BPEJEPS<br \/>(Certificado Profesional en Juventud, Educaci\u00f3n Popular y Deporte).<\/li><\/ol>\t\t\t\t\t\t\t\t<\/div>\n\t\t\t\t<\/div>\n\t\t\t\t<div class=\"elementor-element elementor-element-feabff6 elementor-widget elementor-widget-heading\" data-id=\"feabff6\" data-element_type=\"widget\" data-widget_type=\"heading.default\">\n\t\t\t\t<div class=\"elementor-widget-container\">\n\t\t\t\t\t<h2 class=\"elementor-heading-title elementor-size-default\">Art\u00edculo 6<\/h2>\t\t\t\t<\/div>\n\t\t\t\t<\/div>\n\t\t\t\t<div class=\"elementor-element elementor-element-de64c47 elementor-widget elementor-widget-text-editor\" data-id=\"de64c47\" data-element_type=\"widget\" data-widget_type=\"text-editor.default\">\n\t\t\t\t<div class=\"elementor-widget-container\">\n\t\t\t\t\t\t\t\t\t<ol><li>La direcci\u00f3n se reserva el derecho de cerrar la actividad si las condiciones meteorol\u00f3gicas son desfavorables, especialmente tormentas, para la seguridad de los participantes.<\/li><li>Queda terminantemente prohibido el acceso fuera del horario indicado en recepci\u00f3n.<\/li><li>Los abonos de temporada y los abonos de 10.00 y 20.00 horas no son canjeables ni reembolsables. Son individuales y no se pueden prestar, cualquier fallo implica el retiro inmediato del paquete sin poder reclamar ning\u00fan reembolso o descuento.<\/li><li>Del mismo modo, para los pases de temporada durante las horas punta, se solicitar\u00e1 a los titulares del pase que pospongan la actividad.<\/li><li>Para solicitar el pase de temporada deber\u00e1s contar con tu propio casco, chaleco flotador y equipo de embarque. La empresa ELA declina toda responsabilidad en caso de accidente o incumplimiento de estas normas, por lo que es recomendable contratar un seguro de forma individual. Las licencias deportivas est\u00e1n disponibles y recomendadas en la recepci\u00f3n del Remonte y de nuestros operadores para quienes lo deseen.<\/li><\/ol>\t\t\t\t\t\t\t\t<\/div>\n\t\t\t\t<\/div>\n\t\t\t\t<div class=\"elementor-element elementor-element-d756cbb elementor-widget elementor-widget-heading\" data-id=\"d756cbb\" data-element_type=\"widget\" data-widget_type=\"heading.default\">\n\t\t\t\t<div class=\"elementor-widget-container\">\n\t\t\t\t\t<h2 class=\"elementor-heading-title elementor-size-default\">Art\u00edculo 7<\/h2>\t\t\t\t<\/div>\n\t\t\t\t<\/div>\n\t\t\t\t<div class=\"elementor-element elementor-element-c7f6cba elementor-widget elementor-widget-text-editor\" data-id=\"c7f6cba\" data-element_type=\"widget\" data-widget_type=\"text-editor.default\">\n\t\t\t\t<div class=\"elementor-widget-container\">\n\t\t\t\t\t\t\t\t\t<p>La direcci\u00f3n se reserva el derecho:<\/p><ol><li>Excluir a cualquier persona que no siga las instrucciones, o que se comporte de manera peligrosa para s\u00ed o para los dem\u00e1s, o que sea irrespetuoso con el personal, las personas, las instalaciones o el medio ambiente.<\/li><li>Tomar o hacer cumplir cualquier decisi\u00f3n que considere justificada.<\/li><\/ol>\t\t\t\t\t\t\t\t<\/div>\n\t\t\t\t<\/div>\n\t\t\t\t<\/div>\n\t\t\t\t\t<\/div>\n\t\t\t\t<\/div>\n\t\t\t\t<\/div>","protected":false},"excerpt":{"rendered":"<p>Condiciones de seguridad \u2013 Remonte y Salto de Agua Les \u00d4 Kiri *** Normas b\u00e1sicas para aprovechar al m\u00e1ximo [\u2026]<\/p>","protected":false},"author":1,"featured_media":0,"parent":0,"menu_order":0,"comment_status":"closed","ping_status":"closed","template":"","meta":{"_seopress_robots_primary_cat":"","_seopress_titles_title":"","_seopress_titles_desc":"","_seopress_robots_index":"","site-sidebar-layout":"no-sidebar","site-content-layout":"","ast-site-content-layout":"full-width-container","site-content-style":"default","site-sidebar-style":"default","ast-global-header-display":"","ast-banner-title-visibility":"","ast-main-header-display":"","ast-hfb-above-header-display":"","ast-hfb-below-header-display":"","ast-hfb-mobile-header-display":"","site-post-title":"disabled","ast-breadcrumbs-content":"","ast-featured-img":"disabled","footer-sml-layout":"","theme-transparent-header-meta":"","adv-header-id-meta":"","stick-header-meta":"","header-above-stick-meta":"","header-main-stick-meta":"","header-below-stick-meta":"","astra-migrate-meta-layouts":"default","ast-page-background-enabled":"default","ast-page-background-meta":{"desktop":{"background-color":"var(--ast-global-color-4)","background-image":"","background-repeat":"repeat","background-position":"center center","background-size":"auto","background-attachment":"scroll","background-type":"","background-media":"","overlay-type":"","overlay-color":"","overlay-opacity":"","overlay-gradient":""},"tablet":{"background-color":"","background-image":"","background-repeat":"repeat","background-position":"center center","background-size":"auto","background-attachment":"scroll","background-type":"","background-media":"","overlay-type":"","overlay-color":"","overlay-opacity":"","overlay-gradient":""},"mobile":{"background-color":"","background-image":"","background-repeat":"repeat","background-position":"center center","background-size":"auto","background-attachment":"scroll","background-type":"","background-media":"","overlay-type":"","overlay-color":"","overlay-opacity":"","overlay-gradient":""}},"ast-content-background-meta":{"desktop":{"background-color":"var(--ast-global-color-5)","background-image":"","background-repeat":"repeat","background-position":"center center","background-size":"auto","background-attachment":"scroll","background-type":"","background-media":"","overlay-type":"","overlay-color":"","overlay-opacity":"","overlay-gradient":""},"tablet":{"background-color":"var(--ast-global-color-5)","background-image":"","background-repeat":"repeat","background-position":"center center","background-size":"auto","background-attachment":"scroll","background-type":"","background-media":"","overlay-type":"","overlay-color":"","overlay-opacity":"","overlay-gradient":""},"mobile":{"background-color":"var(--ast-global-color-5)","background-image":"","background-repeat":"repeat","background-position":"center center","background-size":"auto","background-attachment":"scroll","background-type":"","background-media":"","overlay-type":"","overlay-color":"","overlay-opacity":"","overlay-gradient":""}},"footnotes":""},"class_list":["post-1198","page","type-page","status-publish","hentry"],"_links":{"self":[{"href":"https:\/\/www.lesokiri.com\/es\/wp-json\/wp\/v2\/pages\/1198","targetHints":{"allow":["GET"]}}],"collection":[{"href":"https:\/\/www.lesokiri.com\/es\/wp-json\/wp\/v2\/pages"}],"about":[{"href":"https:\/\/www.lesokiri.com\/es\/wp-json\/wp\/v2\/types\/page"}],"author":[{"embeddable":true,"href":"https:\/\/www.lesokiri.com\/es\/wp-json\/wp\/v2\/users\/1"}],"replies":[{"embeddable":true,"href":"https:\/\/www.lesokiri.com\/es\/wp-json\/wp\/v2\/comments?post=1198"}],"version-history":[{"count":4,"href":"https:\/\/www.lesokiri.com\/es\/wp-json\/wp\/v2\/pages\/1198\/revisions"}],"predecessor-version":[{"id":1204,"href":"https:\/\/www.lesokiri.com\/es\/wp-json\/wp\/v2\/pages\/1198\/revisions\/1204"}],"wp:attachment":[{"href":"https:\/\/www.lesokiri.com\/es\/wp-json\/wp\/v2\/media?parent=1198"}],"curies":[{"name":"wp","href":"https:\/\/api.w.org\/{rel}","templated":true}]}}